{"id":884,"date":"2022-08-09T14:27:37","date_gmt":"2022-08-09T12:27:37","guid":{"rendered":"https:\/\/www.mperezavocat.fr\/?page_id=884"},"modified":"2022-09-24T17:05:00","modified_gmt":"2022-09-24T15:05:00","slug":"formation","status":"publish","type":"page","link":"https:\/\/www.mperezavocat.fr\/index.php\/formation\/","title":{"rendered":"Formation"},"content":{"rendered":"\n<div class=\"wp-block-columns is-layout-flex wp-container-core-columns-is-layout-8f761849 wp-block-columns-is-layout-flex\">\n<div class=\"wp-block-column is-layout-flow wp-block-column-is-layout-flow\" style=\"flex-basis:200px\"><div class=\"wp-block-image\">\n<figure class=\"aligncenter size-full is-resized\"><img decoding=\"async\" src=\"https:\/\/www.mperezavocat.fr\/wp-content\/uploads\/2022\/08\/Formation-rond.png\" alt=\"Formation Avocats95\" class=\"wp-image-837\" width=\"150\" height=\"150\" srcset=\"https:\/\/www.mperezavocat.fr\/wp-content\/uploads\/2022\/08\/Formation-rond.png 509w, https:\/\/www.mperezavocat.fr\/wp-content\/uploads\/2022\/08\/Formation-rond-300x300.png 300w, https:\/\/www.mperezavocat.fr\/wp-content\/uploads\/2022\/08\/Formation-rond-150x150.png 150w, https:\/\/www.mperezavocat.fr\/wp-content\/uploads\/2022\/08\/Formation-rond-360x360.png 360w, https:\/\/www.mperezavocat.fr\/wp-content\/uploads\/2022\/08\/Formation-rond-373x373.png 373w, https:\/\/www.mperezavocat.fr\/wp-content\/uploads\/2022\/08\/Formation-rond-80x80.png 80w, https:\/\/www.mperezavocat.fr\/wp-content\/uploads\/2022\/08\/Formation-rond-460x460.png 460w, https:\/\/www.mperezavocat.fr\/wp-content\/uploads\/2022\/08\/Formation-rond-365x365.png 365w\" sizes=\"(max-width: 150px) 100vw, 150px\" \/><\/figure>\n<\/div><\/div>\n\n\n\n<div class=\"wp-block-column is-vertically-aligned-center has-text-color is-layout-flow wp-block-column-is-layout-flow\" style=\"color:#5b5b5b\">\n<h2 class=\"has-text-align-center has-mobile-text-align-center wp-block-heading\">La formation pour quoi faire dans un emploi du temps surcharg\u00e9 ? <\/h2>\n<\/div>\n<\/div>\n\n\n\n<div class=\"wp-block-qubely-divider qubely-block-29e21b\"><div class=\"qubely-block-divider \"><svg xmlns=\"http:\/\/www.w3.org\/2000\/svg\" viewBox=\"0 0 240 40\" preserveAspectRatio=\"none\"><path d=\"M171.7 21.4c-4.4-.1-8.9-.1-13.3-.2l-13.3-.1-13-.1-2.3-2.8-.5-.6-.5.6-1.9 2.3-1.9-2.3-.5-.6-.5.6-1.9 2.3-1.8-2.3-.5-.6-.5.6-1.8 2.3-1.9-2.3-.5-.6-.5.6-1.9 2.3-1.9-2.3-.5-.6-.5.6-2.3 2.8-13 .1-13.3.1c-4.4 0-8.9.1-13.3.2s-8.9.1-13.3.2c4.4.1 8.9.2 13.3.2 4.4.1 8.9.1 13.3.2l13.3.1 13.3.1h.3l.2-.2 2-2.4 1.9 2.3.5.6.5-.6 1.9-2.3 1.9 2.3.5.6.5-.6 1.9-2.3 1.9 2.3.5.6.5-.6 1.9-2.3 1.9 2.3.5.6.5-.6 1.9-2.3 2 2.4.2.2h.3l13.3-.1 13.3-.1c4.4 0 8.9-.1 13.3-.2s8.9-.1 13.3-.2c-4.6-.1-9.1-.2-13.5-.2z\"><\/path><\/svg><\/div><\/div>\n\n\n\n<div class=\"wp-block-columns is-layout-flex wp-container-core-columns-is-layout-8f761849 wp-block-columns-is-layout-flex\">\n<div class=\"wp-block-column is-layout-flow wp-block-column-is-layout-flow\" style=\"flex-basis:200px\"><div class=\"wp-block-image\">\n<figure class=\"aligncenter size-full is-resized\"><img decoding=\"async\" src=\"https:\/\/www.mperezavocat.fr\/wp-content\/uploads\/2022\/08\/Entreprise-dirigeant-dore-rond.png\" alt=\"Diregeant(e) Avocats95\" class=\"wp-image-895\" width=\"150\" height=\"150\" srcset=\"https:\/\/www.mperezavocat.fr\/wp-content\/uploads\/2022\/08\/Entreprise-dirigeant-dore-rond.png 509w, https:\/\/www.mperezavocat.fr\/wp-content\/uploads\/2022\/08\/Entreprise-dirigeant-dore-rond-300x300.png 300w, https:\/\/www.mperezavocat.fr\/wp-content\/uploads\/2022\/08\/Entreprise-dirigeant-dore-rond-150x150.png 150w, https:\/\/www.mperezavocat.fr\/wp-content\/uploads\/2022\/08\/Entreprise-dirigeant-dore-rond-360x360.png 360w, https:\/\/www.mperezavocat.fr\/wp-content\/uploads\/2022\/08\/Entreprise-dirigeant-dore-rond-373x373.png 373w, https:\/\/www.mperezavocat.fr\/wp-content\/uploads\/2022\/08\/Entreprise-dirigeant-dore-rond-80x80.png 80w, https:\/\/www.mperezavocat.fr\/wp-content\/uploads\/2022\/08\/Entreprise-dirigeant-dore-rond-460x460.png 460w, https:\/\/www.mperezavocat.fr\/wp-content\/uploads\/2022\/08\/Entreprise-dirigeant-dore-rond-365x365.png 365w\" sizes=\"(max-width: 150px) 100vw, 150px\" \/><\/figure>\n<\/div><\/div>\n\n\n\n<div class=\"wp-block-column is-vertically-aligned-center has-text-color is-layout-flow wp-block-column-is-layout-flow\" style=\"color:#5b5b5b\">\n<h2 class=\"has-text-align-left has-mobile-text-align-center wp-block-heading\">Dirigeant(e)s d&rsquo;entreprise et Service RH<\/h2>\n<\/div>\n<\/div>\n\n\n\n<p class=\"has-text-align-center has-text-color has-mobile-text-align-center wp-block-paragraph\" style=\"color:#5b5b5b;font-size:25px\"><strong>Vous souhaitez gagner du temps en acqu\u00e9rant les r\u00e9flexes n\u00e9cessaires ?<\/strong><\/p>\n\n\n\n<p class=\"has-text-align-center has-text-color has-mobile-text-align-center wp-block-paragraph\" style=\"color:#5b5b5b;font-size:25px\"><strong>Voil\u00e0 quelques exemples de nos interventions.<\/strong><\/p>\n\n\n\n<div class=\"wp-block-qubely-iconlist qubely-block-c48022 has-mobile-text-align-center\"><div class=\"qubely-block-icon-list \"><ul class=\"qubely-list\"><li class=\"qubely-list-li\"><span class=\"qubely-list-item-icon fas fa-arrow-circle-right fa-fw\"><\/span><span>R\u00e9pondre juridiquement \u00e0 un client mauvais payeur.<\/span><\/li><li class=\"qubely-list-li\"><span class=\"qubely-list-item-icon fas fa-arrow-alt-circle-right fa-fw\"><\/span><span>N\u00e9gocier une rupture conventionnelle avec un salari\u00e9(e)\n.<\/span><\/li><li class=\"qubely-list-li\"><span class=\"qubely-list-item-icon fas fa-arrow-alt-circle-right fa-fw\"><\/span><span>Savoir choisir le bon contrat de travail et ses clauses adapt\u00e9es \u00e0 l&rsquo;entreprise.<\/span><\/li><li class=\"qubely-list-li\"><span class=\"qubely-list-item-icon fas fa-arrow-alt-circle-right fa-fw\"><\/span><span>C\u00e9der ou acqu\u00e9rir un fond de commerce.<\/span><\/li><\/ul><\/div><\/div>\n\n\n\n<p class=\"has-text-align-center has-text-color has-mobile-text-align-center wp-block-paragraph\" style=\"color:#5b5b5b;font-size:25px\"><strong>Vous souhaitez n\u00e9gocier avec un(e) client(e), un partenaire, un fournisseur ?<\/strong><\/p>\n\n\n\n<p class=\"has-text-align-center has-text-color has-mobile-text-align-center wp-block-paragraph\" style=\"color:#5b5b5b;font-size:20px\"><strong>Utilisez vos connaissances juridiques pour des relations \u00e9quilibr\u00e9es et pour obtenir gain de cause.<\/strong><\/p>\n\n\n\n<div class=\"wp-block-qubely-divider qubely-block-1b7d39\"><div class=\"qubely-block-divider \"><svg xmlns=\"http:\/\/www.w3.org\/2000\/svg\" viewBox=\"0 0 240 40\" preserveAspectRatio=\"none\"><path d=\"M171.7 21.4c-4.4-.1-8.9-.1-13.3-.2l-13.3-.1-13-.1-2.3-2.8-.5-.6-.5.6-1.9 2.3-1.9-2.3-.5-.6-.5.6-1.9 2.3-1.8-2.3-.5-.6-.5.6-1.8 2.3-1.9-2.3-.5-.6-.5.6-1.9 2.3-1.9-2.3-.5-.6-.5.6-2.3 2.8-13 .1-13.3.1c-4.4 0-8.9.1-13.3.2s-8.9.1-13.3.2c4.4.1 8.9.2 13.3.2 4.4.1 8.9.1 13.3.2l13.3.1 13.3.1h.3l.2-.2 2-2.4 1.9 2.3.5.6.5-.6 1.9-2.3 1.9 2.3.5.6.5-.6 1.9-2.3 1.9 2.3.5.6.5-.6 1.9-2.3 1.9 2.3.5.6.5-.6 1.9-2.3 2 2.4.2.2h.3l13.3-.1 13.3-.1c4.4 0 8.9-.1 13.3-.2s8.9-.1 13.3-.2c-4.6-.1-9.1-.2-13.5-.2z\"><\/path><\/svg><\/div><\/div>\n\n\n\n<div class=\"wp-block-columns is-layout-flex wp-container-core-columns-is-layout-8f761849 wp-block-columns-is-layout-flex\">\n<div class=\"wp-block-column is-layout-flow wp-block-column-is-layout-flow\" style=\"flex-basis:200px\"><div class=\"wp-block-image\">\n<figure class=\"aligncenter size-full is-resized\"><img decoding=\"async\" src=\"https:\/\/www.mperezavocat.fr\/wp-content\/uploads\/2022\/08\/Entreprise-salarie-dore-rond.png\" alt=\"Salari\u00e9(e)s, Avocats95\" class=\"wp-image-891\" width=\"150\" height=\"150\" srcset=\"https:\/\/www.mperezavocat.fr\/wp-content\/uploads\/2022\/08\/Entreprise-salarie-dore-rond.png 509w, https:\/\/www.mperezavocat.fr\/wp-content\/uploads\/2022\/08\/Entreprise-salarie-dore-rond-300x300.png 300w, https:\/\/www.mperezavocat.fr\/wp-content\/uploads\/2022\/08\/Entreprise-salarie-dore-rond-150x150.png 150w, https:\/\/www.mperezavocat.fr\/wp-content\/uploads\/2022\/08\/Entreprise-salarie-dore-rond-360x360.png 360w, https:\/\/www.mperezavocat.fr\/wp-content\/uploads\/2022\/08\/Entreprise-salarie-dore-rond-373x373.png 373w, https:\/\/www.mperezavocat.fr\/wp-content\/uploads\/2022\/08\/Entreprise-salarie-dore-rond-80x80.png 80w, https:\/\/www.mperezavocat.fr\/wp-content\/uploads\/2022\/08\/Entreprise-salarie-dore-rond-460x460.png 460w, https:\/\/www.mperezavocat.fr\/wp-content\/uploads\/2022\/08\/Entreprise-salarie-dore-rond-365x365.png 365w\" sizes=\"(max-width: 150px) 100vw, 150px\" \/><\/figure>\n<\/div><\/div>\n\n\n\n<div class=\"wp-block-column is-vertically-aligned-center has-text-color is-layout-flow wp-block-column-is-layout-flow\" style=\"color:#5b5b5b\">\n<h2 class=\"has-text-align-left has-mobile-text-align-center wp-block-heading\">Salari\u00e9(e)s<\/h2>\n<\/div>\n<\/div>\n\n\n\n<p class=\"has-text-align-center has-text-color has-mobile-text-align-center wp-block-paragraph\" style=\"color:#5b5b5b;font-size:25px\"><strong>Vous souhaitez gagner en comp\u00e9tence ?<\/strong><\/p>\n\n\n\n<p class=\"has-text-align-center has-text-color has-mobile-text-align-center wp-block-paragraph\" style=\"color:#cca776;font-size:20px\"><strong><strong><strong>Un(e) manager doit acqu\u00e9rir les notions essentielles en droit commercial et droit du travai<\/strong>l.<\/strong><\/strong><\/p>\n\n\n\n<p class=\"has-text-align-center has-text-color has-mobile-text-align-center wp-block-paragraph\" style=\"color:#5b5b5b;font-size:25px\"><strong>Dans le cadre d&rsquo;une reconversion professionnelle<\/strong><\/p>\n\n\n\n<p class=\"has-text-align-center has-text-color has-mobile-text-align-center wp-block-paragraph\" style=\"color:#cca776;font-size:20px\"><strong><strong>Un(e) manager doit conna\u00eetre les notions juridiques de base, tant en droit commercial qu\u2019en droit du travail.<\/strong><\/strong><\/p>\n\n\n\n<div class=\"wp-block-qubely-divider qubely-block-4b1d5c\"><div class=\"qubely-block-divider \"><svg xmlns=\"http:\/\/www.w3.org\/2000\/svg\" viewBox=\"0 0 240 40\" preserveAspectRatio=\"none\"><path d=\"M171.7 21.4c-4.4-.1-8.9-.1-13.3-.2l-13.3-.1-13-.1-2.3-2.8-.5-.6-.5.6-1.9 2.3-1.9-2.3-.5-.6-.5.6-1.9 2.3-1.8-2.3-.5-.6-.5.6-1.8 2.3-1.9-2.3-.5-.6-.5.6-1.9 2.3-1.9-2.3-.5-.6-.5.6-2.3 2.8-13 .1-13.3.1c-4.4 0-8.9.1-13.3.2s-8.9.1-13.3.2c4.4.1 8.9.2 13.3.2 4.4.1 8.9.1 13.3.2l13.3.1 13.3.1h.3l.2-.2 2-2.4 1.9 2.3.5.6.5-.6 1.9-2.3 1.9 2.3.5.6.5-.6 1.9-2.3 1.9 2.3.5.6.5-.6 1.9-2.3 1.9 2.3.5.6.5-.6 1.9-2.3 2 2.4.2.2h.3l13.3-.1 13.3-.1c4.4 0 8.9-.1 13.3-.2s8.9-.1 13.3-.2c-4.6-.1-9.1-.2-13.5-.2z\"><\/path><\/svg><\/div><\/div>\n\n\n\n<div class=\"wp-block-columns is-layout-flex wp-container-core-columns-is-layout-8f761849 wp-block-columns-is-layout-flex\">\n<div class=\"wp-block-column is-layout-flow wp-block-column-is-layout-flow\" style=\"flex-basis:200px\"><div class=\"wp-block-image\">\n<figure class=\"aligncenter size-full is-resized\"><img decoding=\"async\" src=\"https:\/\/www.mperezavocat.fr\/wp-content\/uploads\/2022\/08\/Entreprise-cse-dore-rond.png\" alt=\"CSE, Avocats95\" class=\"wp-image-894\" width=\"150\" height=\"150\" srcset=\"https:\/\/www.mperezavocat.fr\/wp-content\/uploads\/2022\/08\/Entreprise-cse-dore-rond.png 509w, https:\/\/www.mperezavocat.fr\/wp-content\/uploads\/2022\/08\/Entreprise-cse-dore-rond-300x300.png 300w, https:\/\/www.mperezavocat.fr\/wp-content\/uploads\/2022\/08\/Entreprise-cse-dore-rond-150x150.png 150w, https:\/\/www.mperezavocat.fr\/wp-content\/uploads\/2022\/08\/Entreprise-cse-dore-rond-360x360.png 360w, https:\/\/www.mperezavocat.fr\/wp-content\/uploads\/2022\/08\/Entreprise-cse-dore-rond-373x373.png 373w, https:\/\/www.mperezavocat.fr\/wp-content\/uploads\/2022\/08\/Entreprise-cse-dore-rond-80x80.png 80w, https:\/\/www.mperezavocat.fr\/wp-content\/uploads\/2022\/08\/Entreprise-cse-dore-rond-460x460.png 460w, https:\/\/www.mperezavocat.fr\/wp-content\/uploads\/2022\/08\/Entreprise-cse-dore-rond-365x365.png 365w\" sizes=\"(max-width: 150px) 100vw, 150px\" \/><\/figure>\n<\/div><\/div>\n\n\n\n<div class=\"wp-block-column is-vertically-aligned-center has-text-color is-layout-flow wp-block-column-is-layout-flow\" style=\"color:#5b5b5b\">\n<h2 class=\"has-text-align-left has-mobile-text-align-center wp-block-heading\">Pour les membres de CSE<\/h2>\n<\/div>\n<\/div>\n\n\n\n<p class=\"has-text-align-center has-text-color has-mobile-text-align-center wp-block-paragraph\" style=\"color:#5b5b5b;font-size:25px\"><strong>Pour pouvoir exercer votre mandat avec les connaissances n\u00e9cessaires<\/strong><\/p>\n\n\n\n<p class=\"has-text-align-center has-text-color has-mobile-text-align-center wp-block-paragraph\" style=\"color:#cca776;font-size:20px\"><span><b>Si vous venez d\u2019\u00eatre \u00e9lu(e) membre de la d\u00e9l\u00e9gation du personnel du CSE, vous pouvez b\u00e9n\u00e9ficier d\u2019une formation pour acqu\u00e9rir les notions essentielles en droit social et du travail (en plus de la <\/b><span style=\"font-weight: 600;\">formation<\/span><b> sant\u00e9, s\u00e9curit\u00e9 et conditions de travail).<\/b><\/span><\/p>\n\n\n\n<div style=\"height:25px\" aria-hidden=\"true\" class=\"wp-block-spacer\"><\/div>\n","protected":false},"excerpt":{"rendered":"<p class=\"tx-excerpt\">La formation pour quoi faire dans un emploi du temps surcharg\u00e9 ? Dirigeant(e)s d&rsquo;entreprise et Service RH Vous souhaitez gagner du temps en acqu\u00e9rant les r\u00e9flexes n\u00e9cessaires ? Voil\u00e0 quelques exemples de nos interventions. Vous...<\/p>","protected":false},"author":4,"featured_media":0,"parent":0,"menu_order":0,"comment_status":"closed","ping_status":"closed","template":"","meta":{"qubely_global_settings":"","qubely_interactions":"","_editorskit_title_hidden":false,"_editorskit_reading_time":1,"_editorskit_is_block_options_detached":false,"_editorskit_block_options_position":"{}","_crdt_document":"","_uag_custom_page_level_css":"","_monsterinsights_skip_tracking":false,"_monsterinsights_sitenote_active":false,"_monsterinsights_sitenote_note":"","_monsterinsights_sitenote_category":0,"footnotes":""},"class_list":["post-884","page","type-page","status-publish","hentry"],"yoast_head":"<!-- This site is optimized with the Yoast SEO plugin v27.4 - https:\/\/yoast.com\/product\/yoast-seo-wordpress\/ -->\n<title>Formation - cabinet Avocats95 Val D&#039;oise<\/title>\n<meta name=\"description\" content=\"Formation par Mich\u00e8le PEREZ et Simone AYACHE, avocates droit des Affaires, droit Social et droit du Travail. Pr\u00e9sentiel ou distanciel.\" \/>\n<meta name=\"robots\" content=\"index, follow, max-snippet:-1, max-image-preview:large, max-video-preview:-1\" \/>\n<link rel=\"canonical\" href=\"https:\/\/www.mperezavocat.fr\/index.php\/formation\/\" \/>\n<meta property=\"og:locale\" content=\"fr_FR\" \/>\n<meta property=\"og:type\" content=\"article\" \/>\n<meta property=\"og:title\" content=\"Formation - cabinet Avocats95 Val D&#039;oise\" \/>\n<meta property=\"og:description\" content=\"Formation par Mich\u00e8le PEREZ et Simone AYACHE, avocates droit des Affaires, droit Social et droit du Travail. Pr\u00e9sentiel ou distanciel.\" \/>\n<meta property=\"og:url\" content=\"https:\/\/www.mperezavocat.fr\/index.php\/formation\/\" \/>\n<meta property=\"og:site_name\" content=\"cabinet Avocats95 Val D&#039;oise\" \/>\n<meta property=\"article:modified_time\" content=\"2022-09-24T15:05:00+00:00\" \/>\n<meta property=\"og:image\" content=\"https:\/\/www.mperezavocat.fr\/wp-content\/uploads\/2022\/08\/Formation-rond.png\" \/>\n<meta name=\"twitter:card\" content=\"summary_large_image\" \/>\n<meta name=\"twitter:label1\" content=\"Dur\u00e9e de lecture estim\u00e9e\" \/>\n\t<meta name=\"twitter:data1\" content=\"2 minutes\" \/>\n<script type=\"application\/ld+json\" class=\"yoast-schema-graph\">{\"@context\":\"https:\\\/\\\/schema.org\",\"@graph\":[{\"@type\":\"WebPage\",\"@id\":\"https:\\\/\\\/www.mperezavocat.fr\\\/index.php\\\/formation\\\/\",\"url\":\"https:\\\/\\\/www.mperezavocat.fr\\\/index.php\\\/formation\\\/\",\"name\":\"Formation - cabinet Avocats95 Val D&#039;oise\",\"isPartOf\":{\"@id\":\"https:\\\/\\\/www.mperezavocat.fr\\\/#website\"},\"primaryImageOfPage\":{\"@id\":\"https:\\\/\\\/www.mperezavocat.fr\\\/index.php\\\/formation\\\/#primaryimage\"},\"image\":{\"@id\":\"https:\\\/\\\/www.mperezavocat.fr\\\/index.php\\\/formation\\\/#primaryimage\"},\"thumbnailUrl\":\"https:\\\/\\\/www.mperezavocat.fr\\\/wp-content\\\/uploads\\\/2022\\\/08\\\/Formation-rond.png\",\"datePublished\":\"2022-08-09T12:27:37+00:00\",\"dateModified\":\"2022-09-24T15:05:00+00:00\",\"description\":\"Formation par Mich\u00e8le PEREZ et Simone AYACHE, avocates droit des Affaires, droit Social et droit du Travail. Pr\u00e9sentiel ou distanciel.\",\"breadcrumb\":{\"@id\":\"https:\\\/\\\/www.mperezavocat.fr\\\/index.php\\\/formation\\\/#breadcrumb\"},\"inLanguage\":\"fr-FR\",\"potentialAction\":[{\"@type\":\"ReadAction\",\"target\":[\"https:\\\/\\\/www.mperezavocat.fr\\\/index.php\\\/formation\\\/\"]}]},{\"@type\":\"ImageObject\",\"inLanguage\":\"fr-FR\",\"@id\":\"https:\\\/\\\/www.mperezavocat.fr\\\/index.php\\\/formation\\\/#primaryimage\",\"url\":\"https:\\\/\\\/www.mperezavocat.fr\\\/wp-content\\\/uploads\\\/2022\\\/08\\\/Formation-rond.png\",\"contentUrl\":\"https:\\\/\\\/www.mperezavocat.fr\\\/wp-content\\\/uploads\\\/2022\\\/08\\\/Formation-rond.png\",\"width\":509,\"height\":509},{\"@type\":\"BreadcrumbList\",\"@id\":\"https:\\\/\\\/www.mperezavocat.fr\\\/index.php\\\/formation\\\/#breadcrumb\",\"itemListElement\":[{\"@type\":\"ListItem\",\"position\":1,\"name\":\"Accueil\",\"item\":\"https:\\\/\\\/www.mperezavocat.fr\\\/\"},{\"@type\":\"ListItem\",\"position\":2,\"name\":\"Formation\"}]},{\"@type\":\"WebSite\",\"@id\":\"https:\\\/\\\/www.mperezavocat.fr\\\/#website\",\"url\":\"https:\\\/\\\/www.mperezavocat.fr\\\/\",\"name\":\"cabinet Avocats95 Val D&#039;oise\",\"description\":\"Efficaces et motiv\u00e9s\",\"publisher\":{\"@id\":\"https:\\\/\\\/www.mperezavocat.fr\\\/#organization\"},\"potentialAction\":[{\"@type\":\"SearchAction\",\"target\":{\"@type\":\"EntryPoint\",\"urlTemplate\":\"https:\\\/\\\/www.mperezavocat.fr\\\/?s={search_term_string}\"},\"query-input\":{\"@type\":\"PropertyValueSpecification\",\"valueRequired\":true,\"valueName\":\"search_term_string\"}}],\"inLanguage\":\"fr-FR\"},{\"@type\":\"Organization\",\"@id\":\"https:\\\/\\\/www.mperezavocat.fr\\\/#organization\",\"name\":\"Cabinet PEREZ Michele\",\"url\":\"https:\\\/\\\/www.mperezavocat.fr\\\/\",\"logo\":{\"@type\":\"ImageObject\",\"inLanguage\":\"fr-FR\",\"@id\":\"https:\\\/\\\/www.mperezavocat.fr\\\/#\\\/schema\\\/logo\\\/image\\\/\",\"url\":\"\",\"contentUrl\":\"\",\"caption\":\"Cabinet PEREZ Michele\"},\"image\":{\"@id\":\"https:\\\/\\\/www.mperezavocat.fr\\\/#\\\/schema\\\/logo\\\/image\\\/\"}}]}<\/script>\n<!-- \/ Yoast SEO plugin. -->","yoast_head_json":{"title":"Formation - cabinet Avocats95 Val D&#039;oise","description":"Formation par Mich\u00e8le PEREZ et Simone AYACHE, avocates droit des Affaires, droit Social et droit du Travail. Pr\u00e9sentiel ou distanciel.","robots":{"index":"index","follow":"follow","max-snippet":"max-snippet:-1","max-image-preview":"max-image-preview:large","max-video-preview":"max-video-preview:-1"},"canonical":"https:\/\/www.mperezavocat.fr\/index.php\/formation\/","og_locale":"fr_FR","og_type":"article","og_title":"Formation - cabinet Avocats95 Val D&#039;oise","og_description":"Formation par Mich\u00e8le PEREZ et Simone AYACHE, avocates droit des Affaires, droit Social et droit du Travail. Pr\u00e9sentiel ou distanciel.","og_url":"https:\/\/www.mperezavocat.fr\/index.php\/formation\/","og_site_name":"cabinet Avocats95 Val D&#039;oise","article_modified_time":"2022-09-24T15:05:00+00:00","og_image":[{"url":"https:\/\/www.mperezavocat.fr\/wp-content\/uploads\/2022\/08\/Formation-rond.png","type":"","width":"","height":""}],"twitter_card":"summary_large_image","twitter_misc":{"Dur\u00e9e de lecture estim\u00e9e":"2 minutes"},"schema":{"@context":"https:\/\/schema.org","@graph":[{"@type":"WebPage","@id":"https:\/\/www.mperezavocat.fr\/index.php\/formation\/","url":"https:\/\/www.mperezavocat.fr\/index.php\/formation\/","name":"Formation - cabinet Avocats95 Val D&#039;oise","isPartOf":{"@id":"https:\/\/www.mperezavocat.fr\/#website"},"primaryImageOfPage":{"@id":"https:\/\/www.mperezavocat.fr\/index.php\/formation\/#primaryimage"},"image":{"@id":"https:\/\/www.mperezavocat.fr\/index.php\/formation\/#primaryimage"},"thumbnailUrl":"https:\/\/www.mperezavocat.fr\/wp-content\/uploads\/2022\/08\/Formation-rond.png","datePublished":"2022-08-09T12:27:37+00:00","dateModified":"2022-09-24T15:05:00+00:00","description":"Formation par Mich\u00e8le PEREZ et Simone AYACHE, avocates droit des Affaires, droit Social et droit du Travail. Pr\u00e9sentiel ou distanciel.","breadcrumb":{"@id":"https:\/\/www.mperezavocat.fr\/index.php\/formation\/#breadcrumb"},"inLanguage":"fr-FR","potentialAction":[{"@type":"ReadAction","target":["https:\/\/www.mperezavocat.fr\/index.php\/formation\/"]}]},{"@type":"ImageObject","inLanguage":"fr-FR","@id":"https:\/\/www.mperezavocat.fr\/index.php\/formation\/#primaryimage","url":"https:\/\/www.mperezavocat.fr\/wp-content\/uploads\/2022\/08\/Formation-rond.png","contentUrl":"https:\/\/www.mperezavocat.fr\/wp-content\/uploads\/2022\/08\/Formation-rond.png","width":509,"height":509},{"@type":"BreadcrumbList","@id":"https:\/\/www.mperezavocat.fr\/index.php\/formation\/#breadcrumb","itemListElement":[{"@type":"ListItem","position":1,"name":"Accueil","item":"https:\/\/www.mperezavocat.fr\/"},{"@type":"ListItem","position":2,"name":"Formation"}]},{"@type":"WebSite","@id":"https:\/\/www.mperezavocat.fr\/#website","url":"https:\/\/www.mperezavocat.fr\/","name":"cabinet Avocats95 Val D&#039;oise","description":"Efficaces et motiv\u00e9s","publisher":{"@id":"https:\/\/www.mperezavocat.fr\/#organization"},"potentialAction":[{"@type":"SearchAction","target":{"@type":"EntryPoint","urlTemplate":"https:\/\/www.mperezavocat.fr\/?s={search_term_string}"},"query-input":{"@type":"PropertyValueSpecification","valueRequired":true,"valueName":"search_term_string"}}],"inLanguage":"fr-FR"},{"@type":"Organization","@id":"https:\/\/www.mperezavocat.fr\/#organization","name":"Cabinet PEREZ Michele","url":"https:\/\/www.mperezavocat.fr\/","logo":{"@type":"ImageObject","inLanguage":"fr-FR","@id":"https:\/\/www.mperezavocat.fr\/#\/schema\/logo\/image\/","url":"","contentUrl":"","caption":"Cabinet PEREZ Michele"},"image":{"@id":"https:\/\/www.mperezavocat.fr\/#\/schema\/logo\/image\/"}}]}},"uagb_featured_image_src":{"full":false,"thumbnail":false,"medium":false,"medium_large":false,"large":false,"1536x1536":false,"2048x2048":false,"qubely_landscape":false,"qubely_portrait":false,"qubely_thumbnail":false,"tx-1920x600-thumb":false,"tx-xl-thumb":false,"tx-l-thumb":false,"tx-ts-thumb":false,"tx-t-thumb":false,"tx-tf-thumb":false,"tx-m-thumb":false,"tx-alter-thumb":false,"tx-team-alter-thumb":false,"tx-serv-thumb":false,"tx-serv-overlay-thumb":false,"tx-c-thumb":false,"tx-port-grid-h-thumb":false,"tx-port-grid-v-thumb":false,"tx-timeline-thumb":false,"tx-lp-thumb":false,"tx-ms-size":false,"tx-r-thumb":false,"tx-s-thumb":false,"tx-pe-thumb":false,"tx-admin-post-thumb":false,"tx-bc-thumb":false,"tx-gall-grid-cols-3":false,"tx-masonry-cols-3":false,"tx-masonry-cols-4":false,"tx-masonry-cols-5":false,"tx-masonry-cols-6":false},"uagb_author_info":{"display_name":"Hubert Descamps","author_link":"https:\/\/www.mperezavocat.fr\/index.php\/author\/hubert\/"},"uagb_comment_info":0,"uagb_excerpt":"La formation pour quoi faire dans un emploi du temps surcharg\u00e9 ? Dirigeant(e)s d&rsquo;entreprise et Service RH Vous souhaitez gagner du temps en acqu\u00e9rant les r\u00e9flexes n\u00e9cessaires ? Voil\u00e0 quelques exemples de nos interventions. Vous souhaitez n\u00e9gocier avec un(e) client(e), un partenaire, un fournisseur ? Utilisez vos connaissances juridiques pour des relations \u00e9quilibr\u00e9es et pour\u2026","_links":{"self":[{"href":"https:\/\/www.mperezavocat.fr\/index.php\/wp-json\/wp\/v2\/pages\/884","targetHints":{"allow":["GET"]}}],"collection":[{"href":"https:\/\/www.mperezavocat.fr\/index.php\/wp-json\/wp\/v2\/pages"}],"about":[{"href":"https:\/\/www.mperezavocat.fr\/index.php\/wp-json\/wp\/v2\/types\/page"}],"author":[{"embeddable":true,"href":"https:\/\/www.mperezavocat.fr\/index.php\/wp-json\/wp\/v2\/users\/4"}],"replies":[{"embeddable":true,"href":"https:\/\/www.mperezavocat.fr\/index.php\/wp-json\/wp\/v2\/comments?post=884"}],"version-history":[{"count":30,"href":"https:\/\/www.mperezavocat.fr\/index.php\/wp-json\/wp\/v2\/pages\/884\/revisions"}],"predecessor-version":[{"id":1727,"href":"https:\/\/www.mperezavocat.fr\/index.php\/wp-json\/wp\/v2\/pages\/884\/revisions\/1727"}],"wp:attachment":[{"href":"https:\/\/www.mperezavocat.fr\/index.php\/wp-json\/wp\/v2\/media?parent=884"}],"curies":[{"name":"wp","href":"https:\/\/api.w.org\/{rel}","templated":true}]}}