{"id":3,"date":"2022-08-20T14:25:42","date_gmt":"2022-08-20T12:25:42","guid":{"rendered":"http:\/\/mperezavocat.fr\/?page_id=3"},"modified":"2022-08-20T17:18:48","modified_gmt":"2022-08-20T15:18:48","slug":"mentions-legales","status":"publish","type":"page","link":"https:\/\/www.mperezavocat.fr\/index.php\/mentions-legales\/","title":{"rendered":"Mentions l\u00e9gales"},"content":{"rendered":"\n<p class=\"has-text-align-center has-text-color has-background wp-block-paragraph\" style=\"color:#cca776;background-color:#110026;font-size:25px\"><strong>Mentions L\u00e9gales<\/strong><\/p>\n\n\n\n<p class=\"has-text-color wp-block-paragraph\" style=\"color:#5b5b5b;font-size:20px\">Nom du site :\u00a0<strong><span style=\"background-color:#cca776\" class=\"has-inline-background\">www.mperezavocat.fr<\/span><\/strong><br>Directeurs de la publication : Me Mich\u00e8le PEREZ et Me Simone AYACHE<br>Email :\u00a0<a href=\"mp@mperezavocat.fr\" class=\"ek-link\">mp@mperezavocat.fr\u00a0<\/a><br><br>Adresse : 204 zvenue de la division Leclerc Bat B2 95160. MONTMORENCY T\u00e9l : +33 681223364<br>Forme juridique : PARTENARIAT<br>Raison sociale : Cabinet PEREZ AYACHE SIRET : xxxxxxx<br>TVA Intracommunautaire xxxxxxxx<br><br>H\u00e9bergement : voir avec st\u00e9phane<br><br>L&rsquo;utilisateur du site Internet reconna\u00eet disposer de la comp\u00e9tence et des moyens n\u00e9cessaires pour acc\u00e9der et utiliser ce site. Il reconna\u00eet \u00e9galement avoir pris connaissance de la pr\u00e9sente notice l\u00e9gale et s&rsquo;engage \u00e0 la respecter.<br><br>Pour retrouver l&rsquo;ensemble des informations relatives \u00e0 l&rsquo;utilisation et au param\u00e9trage des cookies, veuillez cliquer ici\u00a0:\u00a0<a href=\"https:\/\/www.9janvier-avocats.com\/ressources\/ajax\/paquet_telecom.php\" class=\"ek-link\">\u00ab\u00a0En savoir plus et param\u00e9trer les cookies\u00a0\u00bb<\/a>.<br><br>Les informations recueillies via le pr\u00e9sent site proviennent de l&rsquo;enregistrement volontaire d&rsquo;une adresse courriel fournie par l&rsquo;internaute. Elles lui permettront de recevoir une documentation, de se renseigner sur un point de droit quelconque ou d&rsquo;\u00eatre contact\u00e9 par l&rsquo;avocat. Ces informations ne sont jamais communiqu\u00e9es \u00e0 un tiers. Les traitements r\u00e9alis\u00e9s via le pr\u00e9sent site \u00e9tant constitu\u00e9s en vue d&rsquo;information sont des traitements courants qui ne sont pas susceptibles de porter atteinte \u00e0 la vie priv\u00e9e des personnes dans le cadre de leur utilisation r\u00e9guli\u00e8re. Ces traitements peuvent bien s\u00fbr avoir pour finalit\u00e9s la constitution de fichiers d&rsquo;adresses \u00e0 des fins d&rsquo;informations ou de communication externe se rapportant au but ou \u00e0 l&rsquo;activit\u00e9 du directeur de publication.<br><br>L&rsquo;utilisateur est inform\u00e9 que lors de ses visites sur le site, un cookie peut s&rsquo;installer automatiquement sur son logiciel de navigation. Un cookie est un \u00e9l\u00e9ment qui ne permet pas d&rsquo;identifier l&rsquo;utilisateur mais sert \u00e0 enregistrer des informations relatives \u00e0 la navigation de celui-ci sur le site Internet. L&rsquo;utilisateur pourra d\u00e9sactiver ce cookie par l&rsquo;interm\u00e9diaire des param\u00e8tres figurant au sein de son logiciel de navigation.<br><br>L&rsquo;utilisateur dispose d&rsquo;un droit d&rsquo;acc\u00e8s, de modification, de rectification et de suppression des donn\u00e9es qui le concernent (article 34 de la loi \u00a0\u00bb Informatique et Libert\u00e9s \u00ab\u00a0).<br>Pour l&rsquo;exercer, l&rsquo;utilisateur peut s&rsquo;adresser aupr\u00e8s du Directeur de la publication vis\u00e9 plus haut.<br><br>Toute repr\u00e9sentation totale ou partielle de ce site par quelque proc\u00e9d\u00e9 que ce soit, sans l&rsquo;autorisation expresse de l&rsquo;exploitant du site Internet est interdite et constituerait une contrefa\u00e7on sanctionn\u00e9e par les article L 335-2 et suivants du Code de la propri\u00e9t\u00e9 intellectuelle.<br><br>Il en est de m\u00eame des \u00e9ventuelles bases de donn\u00e9es figurant sur le site Internet qui sont prot\u00e9g\u00e9es par les dispositions de la loi du 11 juillet 1998 portant transposition dans le Code de la propri\u00e9t\u00e9 intellectuelle (CPI) de la directive europ\u00e9enne du 11 mars 1996 relative \u00e0 la protection juridique des bases de donn\u00e9es.<br><br>Les marques de l&rsquo;exploitant du site Internet et de ses partenaires, ainsi que les logos figurant sur le site sont des \u00e9l\u00e9ments prot\u00e9g\u00e9s par les dispositions du droit de la propri\u00e9t\u00e9 intellectuelle et ne peuvent faire l&rsquo;objet, sans consentement du Directeur de la publication, d&rsquo;aucune reproduction ni repr\u00e9sentation partielle ou totale.<br><br>Les liens hypertextes mis en place dans le cadre du site Internet en direction d&rsquo;autres ressources pr\u00e9sentes sur le r\u00e9seau de l&rsquo;Internet, et notamment vers ses partenaires ont fait l&rsquo;objet d&rsquo;une autorisation pr\u00e9alable expresse et \u00e9crite.<br><br>Les utilisateurs visiteurs du site Internet ne peuvent mettre en place un hyperlien en direction de ces sites sans l&rsquo;autorisation expresse et pr\u00e9alable de l&rsquo;exploitant du site Internet.<br><br>Conform\u00e9ment aux articles L.612-1 et suivants issus de l&rsquo;ordonnance n\u00b02016-301 du 14 mars 2016, vous avez la possibilit\u00e9 en cas de litige avec un avocat de recourir gratuitement au M\u00e9diateur de la Consommation qui sera le M\u00e9diateur National pr\u00e8s du Conseil National et dont les coordonn\u00e9es sont les suivantes : CNB &#8211; M\u00e9diateur \u00e0 la Consommation, 22 rue de Londres, 75009 PARIS.<br><br>Le pr\u00e9sent site est la propri\u00e9t\u00e9 de Cabinet Perez,  situ\u00e9 204 zvenue de la division Leclerc Bat B2 95160. MONTMORENCY<\/p>\n\n\n\n<div style=\"height:15px\" aria-hidden=\"true\" class=\"wp-block-spacer\"><\/div>\n","protected":false},"excerpt":{"rendered":"<p class=\"tx-excerpt\">Mentions L\u00e9gales Nom du site :\u00a0www.mperezavocat.frDirecteurs de la publication : Me Mich\u00e8le PEREZ et Me Simone AYACHEEmail :\u00a0mp@mperezavocat.fr\u00a0 Adresse : 204 zvenue de la division Leclerc Bat B2 95160. MONTMORENCY T\u00e9l : +33 681223364Forme juridique...<\/p>","protected":false},"author":4,"featured_media":0,"parent":0,"menu_order":0,"comment_status":"closed","ping_status":"closed","template":"","meta":{"qubely_global_settings":"","qubely_interactions":"","_editorskit_title_hidden":false,"_editorskit_reading_time":2,"_editorskit_is_block_options_detached":false,"_editorskit_block_options_position":"{}","_crdt_document":"","_uag_custom_page_level_css":"","_monsterinsights_skip_tracking":false,"_monsterinsights_sitenote_active":false,"_monsterinsights_sitenote_note":"","_monsterinsights_sitenote_category":0,"footnotes":""},"class_list":["post-3","page","type-page","status-publish","hentry"],"yoast_head":"<!-- This site is optimized with the Yoast SEO plugin v27.3 - https:\/\/yoast.com\/product\/yoast-seo-wordpress\/ -->\n<title>Mentions l\u00e9gales - cabinet Avocats95 Val D&#039;oise<\/title>\n<meta name=\"robots\" content=\"index, follow, max-snippet:-1, max-image-preview:large, max-video-preview:-1\" \/>\n<link rel=\"canonical\" href=\"https:\/\/www.mperezavocat.fr\/index.php\/mentions-legales\/\" \/>\n<meta property=\"og:locale\" content=\"fr_FR\" \/>\n<meta property=\"og:type\" content=\"article\" \/>\n<meta property=\"og:title\" content=\"Mentions l\u00e9gales - cabinet Avocats95 Val D&#039;oise\" \/>\n<meta property=\"og:description\" content=\"Mentions L\u00e9gales Nom du site :\u00a0www.mperezavocat.frDirecteurs de la publication : Me Mich\u00e8le PEREZ et Me Simone AYACHEEmail :\u00a0mp@mperezavocat.fr\u00a0 Adresse : 204 zvenue de la division Leclerc Bat B2 95160. MONTMORENCY T\u00e9l : +33 681223364Forme juridique : PARTENARIATRaison sociale : Cabinet PEREZ AYACHE SIRET : xxxxxxxTVA Intracommunautaire xxxxxxxx H\u00e9bergement : voir avec st\u00e9phane L&rsquo;utilisateur du site [&hellip;]\" \/>\n<meta property=\"og:url\" content=\"https:\/\/www.mperezavocat.fr\/index.php\/mentions-legales\/\" \/>\n<meta property=\"og:site_name\" content=\"cabinet Avocats95 Val D&#039;oise\" \/>\n<meta property=\"article:modified_time\" content=\"2022-08-20T15:18:48+00:00\" \/>\n<meta name=\"twitter:card\" content=\"summary_large_image\" \/>\n<meta name=\"twitter:label1\" content=\"Dur\u00e9e de lecture estim\u00e9e\" \/>\n\t<meta name=\"twitter:data1\" content=\"4 minutes\" \/>\n<script type=\"application\/ld+json\" class=\"yoast-schema-graph\">{\"@context\":\"https:\\\/\\\/schema.org\",\"@graph\":[{\"@type\":\"WebPage\",\"@id\":\"https:\\\/\\\/www.mperezavocat.fr\\\/index.php\\\/mentions-legales\\\/\",\"url\":\"https:\\\/\\\/www.mperezavocat.fr\\\/index.php\\\/mentions-legales\\\/\",\"name\":\"Mentions l\u00e9gales - cabinet Avocats95 Val D&#039;oise\",\"isPartOf\":{\"@id\":\"https:\\\/\\\/www.mperezavocat.fr\\\/#website\"},\"datePublished\":\"2022-08-20T12:25:42+00:00\",\"dateModified\":\"2022-08-20T15:18:48+00:00\",\"breadcrumb\":{\"@id\":\"https:\\\/\\\/www.mperezavocat.fr\\\/index.php\\\/mentions-legales\\\/#breadcrumb\"},\"inLanguage\":\"fr-FR\",\"potentialAction\":[{\"@type\":\"ReadAction\",\"target\":[\"https:\\\/\\\/www.mperezavocat.fr\\\/index.php\\\/mentions-legales\\\/\"]}]},{\"@type\":\"BreadcrumbList\",\"@id\":\"https:\\\/\\\/www.mperezavocat.fr\\\/index.php\\\/mentions-legales\\\/#breadcrumb\",\"itemListElement\":[{\"@type\":\"ListItem\",\"position\":1,\"name\":\"Accueil\",\"item\":\"https:\\\/\\\/www.mperezavocat.fr\\\/\"},{\"@type\":\"ListItem\",\"position\":2,\"name\":\"Mentions l\u00e9gales\"}]},{\"@type\":\"WebSite\",\"@id\":\"https:\\\/\\\/www.mperezavocat.fr\\\/#website\",\"url\":\"https:\\\/\\\/www.mperezavocat.fr\\\/\",\"name\":\"cabinet Avocats95 Val D&#039;oise\",\"description\":\"Efficaces et motiv\u00e9s\",\"publisher\":{\"@id\":\"https:\\\/\\\/www.mperezavocat.fr\\\/#organization\"},\"potentialAction\":[{\"@type\":\"SearchAction\",\"target\":{\"@type\":\"EntryPoint\",\"urlTemplate\":\"https:\\\/\\\/www.mperezavocat.fr\\\/?s={search_term_string}\"},\"query-input\":{\"@type\":\"PropertyValueSpecification\",\"valueRequired\":true,\"valueName\":\"search_term_string\"}}],\"inLanguage\":\"fr-FR\"},{\"@type\":\"Organization\",\"@id\":\"https:\\\/\\\/www.mperezavocat.fr\\\/#organization\",\"name\":\"Cabinet PEREZ Michele\",\"url\":\"https:\\\/\\\/www.mperezavocat.fr\\\/\",\"logo\":{\"@type\":\"ImageObject\",\"inLanguage\":\"fr-FR\",\"@id\":\"https:\\\/\\\/www.mperezavocat.fr\\\/#\\\/schema\\\/logo\\\/image\\\/\",\"url\":\"\",\"contentUrl\":\"\",\"caption\":\"Cabinet PEREZ Michele\"},\"image\":{\"@id\":\"https:\\\/\\\/www.mperezavocat.fr\\\/#\\\/schema\\\/logo\\\/image\\\/\"}}]}<\/script>\n<!-- \/ Yoast SEO plugin. -->","yoast_head_json":{"title":"Mentions l\u00e9gales - cabinet Avocats95 Val D&#039;oise","robots":{"index":"index","follow":"follow","max-snippet":"max-snippet:-1","max-image-preview":"max-image-preview:large","max-video-preview":"max-video-preview:-1"},"canonical":"https:\/\/www.mperezavocat.fr\/index.php\/mentions-legales\/","og_locale":"fr_FR","og_type":"article","og_title":"Mentions l\u00e9gales - cabinet Avocats95 Val D&#039;oise","og_description":"Mentions L\u00e9gales Nom du site :\u00a0www.mperezavocat.frDirecteurs de la publication : Me Mich\u00e8le PEREZ et Me Simone AYACHEEmail :\u00a0mp@mperezavocat.fr\u00a0 Adresse : 204 zvenue de la division Leclerc Bat B2 95160. MONTMORENCY T\u00e9l : +33 681223364Forme juridique : PARTENARIATRaison sociale : Cabinet PEREZ AYACHE SIRET : xxxxxxxTVA Intracommunautaire xxxxxxxx H\u00e9bergement : voir avec st\u00e9phane L&rsquo;utilisateur du site [&hellip;]","og_url":"https:\/\/www.mperezavocat.fr\/index.php\/mentions-legales\/","og_site_name":"cabinet Avocats95 Val D&#039;oise","article_modified_time":"2022-08-20T15:18:48+00:00","twitter_card":"summary_large_image","twitter_misc":{"Dur\u00e9e de lecture estim\u00e9e":"4 minutes"},"schema":{"@context":"https:\/\/schema.org","@graph":[{"@type":"WebPage","@id":"https:\/\/www.mperezavocat.fr\/index.php\/mentions-legales\/","url":"https:\/\/www.mperezavocat.fr\/index.php\/mentions-legales\/","name":"Mentions l\u00e9gales - cabinet Avocats95 Val D&#039;oise","isPartOf":{"@id":"https:\/\/www.mperezavocat.fr\/#website"},"datePublished":"2022-08-20T12:25:42+00:00","dateModified":"2022-08-20T15:18:48+00:00","breadcrumb":{"@id":"https:\/\/www.mperezavocat.fr\/index.php\/mentions-legales\/#breadcrumb"},"inLanguage":"fr-FR","potentialAction":[{"@type":"ReadAction","target":["https:\/\/www.mperezavocat.fr\/index.php\/mentions-legales\/"]}]},{"@type":"BreadcrumbList","@id":"https:\/\/www.mperezavocat.fr\/index.php\/mentions-legales\/#breadcrumb","itemListElement":[{"@type":"ListItem","position":1,"name":"Accueil","item":"https:\/\/www.mperezavocat.fr\/"},{"@type":"ListItem","position":2,"name":"Mentions l\u00e9gales"}]},{"@type":"WebSite","@id":"https:\/\/www.mperezavocat.fr\/#website","url":"https:\/\/www.mperezavocat.fr\/","name":"cabinet Avocats95 Val D&#039;oise","description":"Efficaces et motiv\u00e9s","publisher":{"@id":"https:\/\/www.mperezavocat.fr\/#organization"},"potentialAction":[{"@type":"SearchAction","target":{"@type":"EntryPoint","urlTemplate":"https:\/\/www.mperezavocat.fr\/?s={search_term_string}"},"query-input":{"@type":"PropertyValueSpecification","valueRequired":true,"valueName":"search_term_string"}}],"inLanguage":"fr-FR"},{"@type":"Organization","@id":"https:\/\/www.mperezavocat.fr\/#organization","name":"Cabinet PEREZ Michele","url":"https:\/\/www.mperezavocat.fr\/","logo":{"@type":"ImageObject","inLanguage":"fr-FR","@id":"https:\/\/www.mperezavocat.fr\/#\/schema\/logo\/image\/","url":"","contentUrl":"","caption":"Cabinet PEREZ Michele"},"image":{"@id":"https:\/\/www.mperezavocat.fr\/#\/schema\/logo\/image\/"}}]}},"uagb_featured_image_src":{"full":false,"thumbnail":false,"medium":false,"medium_large":false,"large":false,"1536x1536":false,"2048x2048":false,"qubely_landscape":false,"qubely_portrait":false,"qubely_thumbnail":false,"tx-1920x600-thumb":false,"tx-xl-thumb":false,"tx-l-thumb":false,"tx-ts-thumb":false,"tx-t-thumb":false,"tx-tf-thumb":false,"tx-m-thumb":false,"tx-alter-thumb":false,"tx-team-alter-thumb":false,"tx-serv-thumb":false,"tx-serv-overlay-thumb":false,"tx-c-thumb":false,"tx-port-grid-h-thumb":false,"tx-port-grid-v-thumb":false,"tx-timeline-thumb":false,"tx-lp-thumb":false,"tx-ms-size":false,"tx-r-thumb":false,"tx-s-thumb":false,"tx-pe-thumb":false,"tx-admin-post-thumb":false,"tx-bc-thumb":false,"tx-gall-grid-cols-3":false,"tx-masonry-cols-3":false,"tx-masonry-cols-4":false,"tx-masonry-cols-5":false,"tx-masonry-cols-6":false},"uagb_author_info":{"display_name":"Hubert Descamps","author_link":"https:\/\/www.mperezavocat.fr\/index.php\/author\/hubert\/"},"uagb_comment_info":0,"uagb_excerpt":"Mentions L\u00e9gales Nom du site :\u00a0www.mperezavocat.frDirecteurs de la publication : Me Mich\u00e8le PEREZ et Me Simone AYACHEEmail :\u00a0mp@mperezavocat.fr\u00a0 Adresse : 204 zvenue de la division Leclerc Bat B2 95160. MONTMORENCY T\u00e9l : +33 681223364Forme juridique : PARTENARIATRaison sociale : Cabinet PEREZ AYACHE SIRET : xxxxxxxTVA Intracommunautaire xxxxxxxx H\u00e9bergement : voir avec st\u00e9phane L&rsquo;utilisateur du site\u2026","_links":{"self":[{"href":"https:\/\/www.mperezavocat.fr\/index.php\/wp-json\/wp\/v2\/pages\/3","targetHints":{"allow":["GET"]}}],"collection":[{"href":"https:\/\/www.mperezavocat.fr\/index.php\/wp-json\/wp\/v2\/pages"}],"about":[{"href":"https:\/\/www.mperezavocat.fr\/index.php\/wp-json\/wp\/v2\/types\/page"}],"author":[{"embeddable":true,"href":"https:\/\/www.mperezavocat.fr\/index.php\/wp-json\/wp\/v2\/users\/4"}],"replies":[{"embeddable":true,"href":"https:\/\/www.mperezavocat.fr\/index.php\/wp-json\/wp\/v2\/comments?post=3"}],"version-history":[{"count":8,"href":"https:\/\/www.mperezavocat.fr\/index.php\/wp-json\/wp\/v2\/pages\/3\/revisions"}],"predecessor-version":[{"id":1398,"href":"https:\/\/www.mperezavocat.fr\/index.php\/wp-json\/wp\/v2\/pages\/3\/revisions\/1398"}],"wp:attachment":[{"href":"https:\/\/www.mperezavocat.fr\/index.php\/wp-json\/wp\/v2\/media?parent=3"}],"curies":[{"name":"wp","href":"https:\/\/api.w.org\/{rel}","templated":true}]}}