{"id":1492,"date":"2022-08-21T15:47:11","date_gmt":"2022-08-21T13:47:11","guid":{"rendered":"https:\/\/www.mperezavocat.fr\/?page_id=1492"},"modified":"2022-08-21T15:47:12","modified_gmt":"2022-08-21T13:47:12","slug":"credits","status":"publish","type":"page","link":"https:\/\/www.mperezavocat.fr\/index.php\/credits\/","title":{"rendered":"Cr\u00e9dits"},"content":{"rendered":"\n<div style=\"height:15px\" aria-hidden=\"true\" class=\"wp-block-spacer\"><\/div>\n\n\n\n<p class=\"has-text-align-center has-text-color has-background wp-block-paragraph\" style=\"color:#cca776;background-color:#110026;font-size:25px\"><strong>Ic\u00f4nes<\/strong><\/p>\n\n\n\n<p class=\"has-text-color wp-block-paragraph\" style=\"color:#5b5b5b;font-size:20px\">Les diff\u00e9rentes ic\u00f4nes utilis\u00e9es sur le site proviennent du site internet : nounproject<br><br><\/p>\n\n\n\n<p class=\"wp-block-paragraph\">Euro-contract&nbsp; by Alfredo from <a href=\"https:\/\/thenounproject.com\/browse\/icons\/term\/buy\/\">Noun Project<\/a><\/p>\n\n\n\n<p class=\"wp-block-paragraph\">&nbsp;balance by SBTS from <a href=\"https:\/\/thenounproject.com\/browse\/icons\/term\/buy\/\">Noun Project<\/a><\/p>\n\n\n\n<p class=\"wp-block-paragraph\">&nbsp;Business by DinosoftLab from <a href=\"https:\/\/thenounproject.com\/browse\/icons\/term\/business\/\">Noun Project<\/a><\/p>\n\n\n\n<p class=\"wp-block-paragraph\">Business by Majide from <a href=\"https:\/\/thenounproject.com\/browse\/icons\/term\/business\/\">Noun Project<\/a><\/p>\n\n\n\n<p class=\"wp-block-paragraph\">Connection by Fiona&nbsp; from <a href=\"https:\/\/thenounproject.com\/browse\/icons\/term\/business\/\">Noun Project<\/a><\/p>\n\n\n\n<p class=\"wp-block-paragraph\">Corporate by Fiona from <a href=\"https:\/\/thenounproject.com\/browse\/icons\/term\/business\/\">Noun Project<\/a><\/p>\n\n\n\n<p class=\"wp-block-paragraph\">Team by Fiona from <a href=\"https:\/\/thenounproject.com\/browse\/icons\/term\/business\/\">Noun Project<\/a><\/p>\n\n\n\n<p class=\"wp-block-paragraph\">Corporate cog by Fiona from <a href=\"https:\/\/thenounproject.com\/browse\/icons\/term\/business\/\">Noun Project<\/a><\/p>\n\n\n\n<p class=\"wp-block-paragraph\">Euro-bank by Till Teenck from <a href=\"https:\/\/thenounproject.com\/browse\/icons\/term\/business\/\">Noun Project<\/a><\/p>\n\n\n\n<p class=\"wp-block-paragraph\">Open hour by Joe Pictos from <a href=\"https:\/\/thenounproject.com\/browse\/icons\/term\/business\/\">Noun Project<\/a><\/p>\n\n\n\n<p class=\"wp-block-paragraph\">Partnership by Creative Stall from <a href=\"https:\/\/thenounproject.com\/browse\/icons\/term\/business\/\">Noun Project<\/a><\/p>\n\n\n\n<p class=\"wp-block-paragraph\">time is money by Felix Br\u00f6nnimann from <a href=\"https:\/\/thenounproject.com\/browse\/icons\/term\/time-is-money\/\">Noun Project<\/a><\/p>\n\n\n\n<p class=\"wp-block-paragraph\">Together by Webtechops from <a href=\"https:\/\/thenounproject.com\/browse\/icons\/term\/time-is-money\/\">Noun Project<\/a><\/p>\n\n\n\n<p class=\"wp-block-paragraph\">Chess by tajhin palappa from <a href=\"https:\/\/thenounproject.com\/browse\/icons\/term\/chess\/\">Noun Project<\/a><\/p>\n\n\n\n<p class=\"wp-block-paragraph\">team by Vectors Market from <a href=\"https:\/\/thenounproject.com\/browse\/icons\/term\/team\/\">Noun Project<\/a><\/p>\n\n\n\n<p class=\"wp-block-paragraph\">Handshake by Evgeny Filatov from <a href=\"https:\/\/thenounproject.com\/browse\/icons\/term\/handshake\/\">Noun Project<\/a><\/p>\n\n\n\n<p class=\"wp-block-paragraph\">iPhone by Rainbow Designs from <a href=\"https:\/\/thenounproject.com\/browse\/icons\/term\/iphone\/\">Noun Project<\/a><\/p>\n\n\n\n<p class=\"has-text-align-center has-text-color has-background wp-block-paragraph\" style=\"color:#cca776;background-color:#110026;font-size:25px\"><strong>Photos<\/strong><\/p>\n\n\n\n<p class=\"has-text-color has-tablet-text-align-center has-mobile-text-align-center wp-block-paragraph\" style=\"color:#5b5b5b;font-size:20px\">Les diff\u00e9rentes photos utilis\u00e9es sur le site proviennent de diff\u00e9rentes sources.<br><br><\/p>\n\n\n\n<p class=\"wp-block-paragraph\">Photo by chris-brignola-<a href=\"https:\/\/unsplash.com\/s\/photos\/law?utm_source=unsplash&amp;utm_medium=referral&amp;utm_content=creditCopyText\">Unsplash<\/a><\/p>\n\n\n\n<p class=\"wp-block-paragraph\">Photo byjametlene-reskp-<a href=\"https:\/\/unsplash.com\/s\/photos\/law?utm_source=unsplash&amp;utm_medium=referral&amp;utm_content=creditCopyText\">Unsplash<\/a><\/p>\n\n\n\n<p class=\"wp-block-paragraph\">Photo byjess-bailey-<a href=\"https:\/\/unsplash.com\/s\/photos\/law?utm_source=unsplash&amp;utm_medium=referral&amp;utm_content=creditCopyText\">Unsplash<\/a><\/p>\n\n\n\n<p class=\"wp-block-paragraph\">Photo bykaitlyn-baker-<a href=\"https:\/\/unsplash.com\/s\/photos\/law?utm_source=unsplash&amp;utm_medium=referral&amp;utm_content=creditCopyText\">Unsplash<\/a><\/p>\n\n\n\n<p class=\"wp-block-paragraph\">Photo bylauren-mancke-<a href=\"https:\/\/unsplash.com\/s\/photos\/law?utm_source=unsplash&amp;utm_medium=referral&amp;utm_content=creditCopyText\">Unsplash<\/a><\/p>\n\n\n\n<p class=\"wp-block-paragraph\">Photo bymikhail-pavstyuk-<a href=\"https:\/\/unsplash.com\/s\/photos\/law?utm_source=unsplash&amp;utm_medium=referral&amp;utm_content=creditCopyText\">Unsplash<\/a><\/p>\n\n\n\n<p class=\"wp-block-paragraph\">Photo byluca-bravo-<a href=\"https:\/\/unsplash.com\/s\/photos\/law?utm_source=unsplash&amp;utm_medium=referral&amp;utm_content=creditCopyText\">Unsplash<\/a><\/p>\n\n\n\n<p class=\"wp-block-paragraph\">Photo bysebastian-pichler-<a href=\"https:\/\/unsplash.com\/s\/photos\/law?utm_source=unsplash&amp;utm_medium=referral&amp;utm_content=creditCopyText\">Unsplash<\/a><\/p>\n\n\n\n<p class=\"wp-block-paragraph\">Photo by Aaron-burden on <a href=\"https:\/\/unsplash.com\/s\/photos\/law?utm_source=unsplash&amp;utm_medium=referral&amp;utm_content=creditCopyText\">Unsplash<\/a><\/p>\n\n\n\n<p class=\"wp-block-paragraph\">Photo by <a href=\"https:\/\/unsplash.com\/es\/@tingeyinjurylawfirm?utm_source=unsplash&amp;utm_medium=referral&amp;utm_content=creditCopyText\">Tingey Injury Law Firm<\/a> on <a href=\"https:\/\/unsplash.com\/s\/photos\/law?utm_source=unsplash&amp;utm_medium=referral&amp;utm_content=creditCopyText\">Unsplash<\/a><\/p>\n\n\n\n<p class=\"wp-block-paragraph\">Photo by <a href=\"https:\/\/unsplash.com\/es\/@tingeyinjurylawfirm?utm_source=unsplash&amp;utm_medium=referral&amp;utm_content=creditCopyText\">Tingey Injury Law Firm<\/a> on <a href=\"https:\/\/unsplash.com\/s\/photos\/law?utm_source=unsplash&amp;utm_medium=referral&amp;utm_content=creditCopyText\">Unsplash<\/a><\/p>\n\n\n\n<div class=\"wp-block-qubely-button qubely-block-c0f9a2\"><div class=\"qubely-block-btn-wrapper \"><div class=\"qubely-block-btn\"><a class=\"qubely-block-btn-anchor is-large\" href=\"https:\/\/www.mperezavocat.fr\">Retour \u00e0 l&rsquo;accueil<\/a><\/div><\/div><\/div>\n","protected":false},"excerpt":{"rendered":"<p class=\"tx-excerpt\">Ic\u00f4nes Les diff\u00e9rentes ic\u00f4nes utilis\u00e9es sur le site proviennent du site internet : nounproject Euro-contract&nbsp; by Alfredo from Noun Project &nbsp;balance by SBTS from Noun Project &nbsp;Business by DinosoftLab from Noun Project Business by Majide...<\/p>","protected":false},"author":4,"featured_media":0,"parent":0,"menu_order":0,"comment_status":"closed","ping_status":"closed","template":"","meta":{"qubely_global_settings":"","qubely_interactions":"","_editorskit_title_hidden":false,"_editorskit_reading_time":3,"_editorskit_is_block_options_detached":false,"_editorskit_block_options_position":"{}","_crdt_document":"","_uag_custom_page_level_css":"","_monsterinsights_skip_tracking":false,"_monsterinsights_sitenote_active":false,"_monsterinsights_sitenote_note":"","_monsterinsights_sitenote_category":0,"footnotes":""},"class_list":["post-1492","page","type-page","status-publish","hentry"],"yoast_head":"<!-- This site is optimized with the Yoast SEO plugin v27.4 - https:\/\/yoast.com\/product\/yoast-seo-wordpress\/ -->\n<title>Cr\u00e9dits - cabinet Avocats95 Val D&#039;oise<\/title>\n<meta name=\"robots\" content=\"index, follow, max-snippet:-1, max-image-preview:large, max-video-preview:-1\" \/>\n<link rel=\"canonical\" href=\"https:\/\/www.mperezavocat.fr\/index.php\/credits\/\" \/>\n<meta property=\"og:locale\" content=\"fr_FR\" \/>\n<meta property=\"og:type\" content=\"article\" \/>\n<meta property=\"og:title\" content=\"Cr\u00e9dits - cabinet Avocats95 Val D&#039;oise\" \/>\n<meta property=\"og:description\" content=\"Ic\u00f4nes Les diff\u00e9rentes ic\u00f4nes utilis\u00e9es sur le site proviennent du site internet : nounproject Euro-contract&nbsp; by Alfredo from Noun Project &nbsp;balance by SBTS from Noun Project &nbsp;Business by DinosoftLab from Noun Project Business by Majide from Noun Project Connection by Fiona&nbsp; from Noun Project Corporate by Fiona from Noun Project Team by Fiona from Noun [&hellip;]\" \/>\n<meta property=\"og:url\" content=\"https:\/\/www.mperezavocat.fr\/index.php\/credits\/\" \/>\n<meta property=\"og:site_name\" content=\"cabinet Avocats95 Val D&#039;oise\" \/>\n<meta property=\"article:modified_time\" content=\"2022-08-21T13:47:12+00:00\" \/>\n<meta name=\"twitter:card\" content=\"summary_large_image\" \/>\n<meta name=\"twitter:label1\" content=\"Dur\u00e9e de lecture estim\u00e9e\" \/>\n\t<meta name=\"twitter:data1\" content=\"1 minute\" \/>\n<script type=\"application\/ld+json\" class=\"yoast-schema-graph\">{\"@context\":\"https:\\\/\\\/schema.org\",\"@graph\":[{\"@type\":\"WebPage\",\"@id\":\"https:\\\/\\\/www.mperezavocat.fr\\\/index.php\\\/credits\\\/\",\"url\":\"https:\\\/\\\/www.mperezavocat.fr\\\/index.php\\\/credits\\\/\",\"name\":\"Cr\u00e9dits - cabinet Avocats95 Val D&#039;oise\",\"isPartOf\":{\"@id\":\"https:\\\/\\\/www.mperezavocat.fr\\\/#website\"},\"datePublished\":\"2022-08-21T13:47:11+00:00\",\"dateModified\":\"2022-08-21T13:47:12+00:00\",\"breadcrumb\":{\"@id\":\"https:\\\/\\\/www.mperezavocat.fr\\\/index.php\\\/credits\\\/#breadcrumb\"},\"inLanguage\":\"fr-FR\",\"potentialAction\":[{\"@type\":\"ReadAction\",\"target\":[\"https:\\\/\\\/www.mperezavocat.fr\\\/index.php\\\/credits\\\/\"]}]},{\"@type\":\"BreadcrumbList\",\"@id\":\"https:\\\/\\\/www.mperezavocat.fr\\\/index.php\\\/credits\\\/#breadcrumb\",\"itemListElement\":[{\"@type\":\"ListItem\",\"position\":1,\"name\":\"Accueil\",\"item\":\"https:\\\/\\\/www.mperezavocat.fr\\\/\"},{\"@type\":\"ListItem\",\"position\":2,\"name\":\"Cr\u00e9dits\"}]},{\"@type\":\"WebSite\",\"@id\":\"https:\\\/\\\/www.mperezavocat.fr\\\/#website\",\"url\":\"https:\\\/\\\/www.mperezavocat.fr\\\/\",\"name\":\"cabinet Avocats95 Val D&#039;oise\",\"description\":\"Efficaces et motiv\u00e9s\",\"publisher\":{\"@id\":\"https:\\\/\\\/www.mperezavocat.fr\\\/#organization\"},\"potentialAction\":[{\"@type\":\"SearchAction\",\"target\":{\"@type\":\"EntryPoint\",\"urlTemplate\":\"https:\\\/\\\/www.mperezavocat.fr\\\/?s={search_term_string}\"},\"query-input\":{\"@type\":\"PropertyValueSpecification\",\"valueRequired\":true,\"valueName\":\"search_term_string\"}}],\"inLanguage\":\"fr-FR\"},{\"@type\":\"Organization\",\"@id\":\"https:\\\/\\\/www.mperezavocat.fr\\\/#organization\",\"name\":\"Cabinet PEREZ Michele\",\"url\":\"https:\\\/\\\/www.mperezavocat.fr\\\/\",\"logo\":{\"@type\":\"ImageObject\",\"inLanguage\":\"fr-FR\",\"@id\":\"https:\\\/\\\/www.mperezavocat.fr\\\/#\\\/schema\\\/logo\\\/image\\\/\",\"url\":\"\",\"contentUrl\":\"\",\"caption\":\"Cabinet PEREZ Michele\"},\"image\":{\"@id\":\"https:\\\/\\\/www.mperezavocat.fr\\\/#\\\/schema\\\/logo\\\/image\\\/\"}}]}<\/script>\n<!-- \/ Yoast SEO plugin. -->","yoast_head_json":{"title":"Cr\u00e9dits - cabinet Avocats95 Val D&#039;oise","robots":{"index":"index","follow":"follow","max-snippet":"max-snippet:-1","max-image-preview":"max-image-preview:large","max-video-preview":"max-video-preview:-1"},"canonical":"https:\/\/www.mperezavocat.fr\/index.php\/credits\/","og_locale":"fr_FR","og_type":"article","og_title":"Cr\u00e9dits - cabinet Avocats95 Val D&#039;oise","og_description":"Ic\u00f4nes Les diff\u00e9rentes ic\u00f4nes utilis\u00e9es sur le site proviennent du site internet : nounproject Euro-contract&nbsp; by Alfredo from Noun Project &nbsp;balance by SBTS from Noun Project &nbsp;Business by DinosoftLab from Noun Project Business by Majide from Noun Project Connection by Fiona&nbsp; from Noun Project Corporate by Fiona from Noun Project Team by Fiona from Noun [&hellip;]","og_url":"https:\/\/www.mperezavocat.fr\/index.php\/credits\/","og_site_name":"cabinet Avocats95 Val D&#039;oise","article_modified_time":"2022-08-21T13:47:12+00:00","twitter_card":"summary_large_image","twitter_misc":{"Dur\u00e9e de lecture estim\u00e9e":"1 minute"},"schema":{"@context":"https:\/\/schema.org","@graph":[{"@type":"WebPage","@id":"https:\/\/www.mperezavocat.fr\/index.php\/credits\/","url":"https:\/\/www.mperezavocat.fr\/index.php\/credits\/","name":"Cr\u00e9dits - cabinet Avocats95 Val D&#039;oise","isPartOf":{"@id":"https:\/\/www.mperezavocat.fr\/#website"},"datePublished":"2022-08-21T13:47:11+00:00","dateModified":"2022-08-21T13:47:12+00:00","breadcrumb":{"@id":"https:\/\/www.mperezavocat.fr\/index.php\/credits\/#breadcrumb"},"inLanguage":"fr-FR","potentialAction":[{"@type":"ReadAction","target":["https:\/\/www.mperezavocat.fr\/index.php\/credits\/"]}]},{"@type":"BreadcrumbList","@id":"https:\/\/www.mperezavocat.fr\/index.php\/credits\/#breadcrumb","itemListElement":[{"@type":"ListItem","position":1,"name":"Accueil","item":"https:\/\/www.mperezavocat.fr\/"},{"@type":"ListItem","position":2,"name":"Cr\u00e9dits"}]},{"@type":"WebSite","@id":"https:\/\/www.mperezavocat.fr\/#website","url":"https:\/\/www.mperezavocat.fr\/","name":"cabinet Avocats95 Val D&#039;oise","description":"Efficaces et motiv\u00e9s","publisher":{"@id":"https:\/\/www.mperezavocat.fr\/#organization"},"potentialAction":[{"@type":"SearchAction","target":{"@type":"EntryPoint","urlTemplate":"https:\/\/www.mperezavocat.fr\/?s={search_term_string}"},"query-input":{"@type":"PropertyValueSpecification","valueRequired":true,"valueName":"search_term_string"}}],"inLanguage":"fr-FR"},{"@type":"Organization","@id":"https:\/\/www.mperezavocat.fr\/#organization","name":"Cabinet PEREZ Michele","url":"https:\/\/www.mperezavocat.fr\/","logo":{"@type":"ImageObject","inLanguage":"fr-FR","@id":"https:\/\/www.mperezavocat.fr\/#\/schema\/logo\/image\/","url":"","contentUrl":"","caption":"Cabinet PEREZ Michele"},"image":{"@id":"https:\/\/www.mperezavocat.fr\/#\/schema\/logo\/image\/"}}]}},"uagb_featured_image_src":{"full":false,"thumbnail":false,"medium":false,"medium_large":false,"large":false,"1536x1536":false,"2048x2048":false,"qubely_landscape":false,"qubely_portrait":false,"qubely_thumbnail":false,"tx-1920x600-thumb":false,"tx-xl-thumb":false,"tx-l-thumb":false,"tx-ts-thumb":false,"tx-t-thumb":false,"tx-tf-thumb":false,"tx-m-thumb":false,"tx-alter-thumb":false,"tx-team-alter-thumb":false,"tx-serv-thumb":false,"tx-serv-overlay-thumb":false,"tx-c-thumb":false,"tx-port-grid-h-thumb":false,"tx-port-grid-v-thumb":false,"tx-timeline-thumb":false,"tx-lp-thumb":false,"tx-ms-size":false,"tx-r-thumb":false,"tx-s-thumb":false,"tx-pe-thumb":false,"tx-admin-post-thumb":false,"tx-bc-thumb":false,"tx-gall-grid-cols-3":false,"tx-masonry-cols-3":false,"tx-masonry-cols-4":false,"tx-masonry-cols-5":false,"tx-masonry-cols-6":false},"uagb_author_info":{"display_name":"Hubert Descamps","author_link":"https:\/\/www.mperezavocat.fr\/index.php\/author\/hubert\/"},"uagb_comment_info":0,"uagb_excerpt":"Ic\u00f4nes Les diff\u00e9rentes ic\u00f4nes utilis\u00e9es sur le site proviennent du site internet : nounproject Euro-contract&nbsp; by Alfredo from Noun Project &nbsp;balance by SBTS from Noun Project &nbsp;Business by DinosoftLab from Noun Project Business by Majide from Noun Project Connection by Fiona&nbsp; from Noun Project Corporate by Fiona from Noun Project Team by Fiona from Noun\u2026","_links":{"self":[{"href":"https:\/\/www.mperezavocat.fr\/index.php\/wp-json\/wp\/v2\/pages\/1492","targetHints":{"allow":["GET"]}}],"collection":[{"href":"https:\/\/www.mperezavocat.fr\/index.php\/wp-json\/wp\/v2\/pages"}],"about":[{"href":"https:\/\/www.mperezavocat.fr\/index.php\/wp-json\/wp\/v2\/types\/page"}],"author":[{"embeddable":true,"href":"https:\/\/www.mperezavocat.fr\/index.php\/wp-json\/wp\/v2\/users\/4"}],"replies":[{"embeddable":true,"href":"https:\/\/www.mperezavocat.fr\/index.php\/wp-json\/wp\/v2\/comments?post=1492"}],"version-history":[{"count":1,"href":"https:\/\/www.mperezavocat.fr\/index.php\/wp-json\/wp\/v2\/pages\/1492\/revisions"}],"predecessor-version":[{"id":1493,"href":"https:\/\/www.mperezavocat.fr\/index.php\/wp-json\/wp\/v2\/pages\/1492\/revisions\/1493"}],"wp:attachment":[{"href":"https:\/\/www.mperezavocat.fr\/index.php\/wp-json\/wp\/v2\/media?parent=1492"}],"curies":[{"name":"wp","href":"https:\/\/api.w.org\/{rel}","templated":true}]}}